{"id":638,"date":"2018-08-28T15:18:36","date_gmt":"2018-08-28T13:18:36","guid":{"rendered":"http:\/\/jana2018.nivas.hr\/kontakt\/"},"modified":"2020-06-23T14:37:57","modified_gmt":"2020-06-23T12:37:57","slug":"contact","status":"publish","type":"page","link":"https:\/\/www.jana-water.com\/en\/contact","title":{"rendered":"Contact"},"content":{"rendered":"<section id=\"main\" class=\"tpl-contact\">\n<div class=\"container-fluid intro-block\">\n<div class=\"graphics-container\">\n<p>&nbsp;<\/p>\n<\/div>\n<div class=\"container\">\n<div class=\"row master-article__heading\">\n<div class=\"col-12 col-lg-8 offset-lg-2 col-md-10 offset-md-1 text-center\">\n<h1 class=\"title\">Contact<\/h1>\n<\/div>\n<\/div>\n<\/div>\n<div class=\"contact__items\">\n<div class=\"org-container\">\n<div class=\"row\">\n<div class=\"contact__items-item col-12 col-md-6 col-lg-4\">\n<div class=\"contact__items-item-block\">\n<div class=\"contact__items-item-title\">\n<h3 class=\"contact__items-item-title-h3\"><span class=\"red\">Jana<\/span> Croatia<\/h3>\n<\/div>\n<p><span class=\"contact__items-item-part-title\">ADDRESS<\/span><\/p>\n<div class=\"contact__items-item-parts\">\n<p class=\"contact__items-item-parts-p\">Jamnica plus d.o.o.<\/p>\n<p class=\"contact__items-item-parts-p\">Getaldiceva 3<\/p>\n<p class=\"contact__items-item-parts-p\">10 000 Zagreb, Croatia<\/p>\n<\/div>\n<p><span class=\"contact__items-item-part-title\"><br \/>\nPHONE<br \/>\n<\/span><\/p>\n<div class=\"contact__items-item-parts\">\n<p class=\"contact__items-item-parts-p\">+3851 2393 111<\/p>\n<\/div>\n<p><span class=\"contact__items-item-part-title\"><br \/>\nFAX<br \/>\n<\/span><\/p>\n<div class=\"contact__items-item-parts\">\n<p class=\"contact__items-item-parts-p\">+3851 2371 044<\/p>\n<\/div>\n<p><span class=\"contact__items-item-part-title\"><br \/>\nEMAIL<br \/>\n<\/span><\/p>\n<div class=\"contact__items-item-parts\">\n<p class=\"contact__items-item-parts-p\">email: <a class=\"parts-link\" href=\"mailto:info@jamnica.hr\"><br \/>\ninfo@jamnica.hr<br \/>\n<\/a><\/p>\n<\/div>\n<\/div>\n<\/div>\n<div class=\"contact__items-item col-12 col-md-6 col-lg-4\">\n<div class=\"contact__items-item-block\">\n<div class=\"contact__items-item-title\">\n<h3 class=\"contact__items-item-title-h3\"><span class=\"red\">Jana<\/span> Macedonia<\/h3>\n<\/div>\n<p><span class=\"contact__items-item-part-title\">ADDRESS<\/span><\/p>\n<div class=\"contact__items-item-parts\">\n<p class=\"contact__items-item-parts-p\">Awt International Doo<\/p>\n<p class=\"contact__items-item-parts-p\">Bul. Kiro Gligorov 4<\/p>\n<p class=\"contact__items-item-parts-p\">1000 Skopje, Macedonia<\/p>\n<\/div>\n<p><span class=\"contact__items-item-part-title\"><br \/>\nPHONE<br \/>\n<\/span><\/p>\n<div class=\"contact__items-item-parts\">\n<p class=\"contact__items-item-parts-p\">+38902 2462 090<\/p>\n<\/div>\n<\/div>\n<\/div>\n<div class=\"contact__items-item col-12 col-md-6 col-lg-4\">\n<div class=\"contact__items-item-block\">\n<div class=\"contact__items-item-title\">\n<h3 class=\"contact__items-item-title-h3\"><span class=\"red\">Jana<\/span> Montenegro<\/h3>\n<\/div>\n<p><span class=\"contact__items-item-part-title\">ADDRESS<\/span><\/p>\n<div class=\"contact__items-item-parts\">\n<p class=\"contact__items-item-parts-p\">\u0160korpion d.o.o.<\/p>\n<p class=\"contact__items-item-parts-p\">Trebinjska bb<\/p>\n<p class=\"contact__items-item-parts-p\">85347 Igalo-Herceg Novi<\/p>\n<\/div>\n<p><span class=\"contact__items-item-part-title\"><br \/>\nPHONE<br \/>\n<\/span><\/p>\n<div class=\"contact__items-item-parts\">\n<p class=\"contact__items-item-parts-p\">+382 31335115<\/p>\n<\/div>\n<p><span class=\"contact__items-item-part-title\"><br \/>\nEMAIL<br \/>\n<\/span><\/p>\n<div class=\"contact__items-item-parts\">\n<p class=\"contact__items-item-parts-p\">email: <a class=\"parts-link\" href=\"mailto:prodaja@skorpion.co.me\"><br \/>\nprodaja@skorpion.co.me<br \/>\n<\/a><\/p>\n<\/div>\n<\/div>\n<\/div>\n<div class=\"contact__items-item col-12 col-md-6 col-lg-4\">\n<div class=\"contact__items-item-block\">\n<div class=\"contact__items-item-title\">\n<h3 class=\"contact__items-item-title-h3\"><span class=\"red\">Jana<\/span> Kosovo<\/h3>\n<\/div>\n<p><span class=\"contact__items-item-part-title\">ADDRESS<\/span><\/p>\n<div class=\"contact__items-item-parts\">\n<p class=\"contact__items-item-parts-p\">MIGROS GROUP SHPK<\/p>\n<p class=\"contact__items-item-parts-p\">Zona Industriale Pn<\/p>\n<p class=\"contact__items-item-parts-p\">10000, Pri\u0161tina, Kosovo<\/p>\n<\/div>\n<p><span class=\"contact__items-item-part-title\"><br \/>\nPHONE<br \/>\n<\/span><\/p>\n<div class=\"contact__items-item-parts\">\n<p class=\"contact__items-item-parts-p\">+381 38543038<\/p>\n<\/div>\n<p><span class=\"contact__items-item-part-title\"><br \/>\nEMAIL<br \/>\n<\/span><\/p>\n<div class=\"contact__items-item-parts\">\n<p class=\"contact__items-item-parts-p\">email: <a class=\"parts-link\" href=\"mailto:ntsh_migros@hotmail.com\"><br \/>\n<\/a><a href=\"mailto:asdren.elshani@auloni.com\">info@auloni.com<\/a><\/p>\n<p>&nbsp;<\/p>\n<\/div>\n<\/div>\n<\/div>\n<div class=\"contact__items-item col-12 col-md-6 col-lg-4\">\n<div class=\"contact__items-item-block\">\n<div class=\"contact__items-item-title\">\n<h3 class=\"contact__items-item-title-h3\"><span class=\"red\">Jana<\/span> Bosnia and Herzegovina<\/h3>\n<\/div>\n<p><span class=\"contact__items-item-part-title\">ADDRESS<\/span><\/p>\n<div class=\"contact__items-item-parts\">\n<p class=\"contact__items-item-parts-p\">Kraljice mira 7<\/p>\n<p class=\"contact__items-item-parts-p\">71250 Kiseljak<\/p>\n<p class=\"contact__items-item-parts-p\">Bosnia and Herzegovina<\/p>\n<\/div>\n<p><span class=\"contact__items-item-part-title\"><br \/>\nPHONE<br \/>\n<\/span><\/p>\n<div class=\"contact__items-item-parts\">\n<p class=\"contact__items-item-parts-p\">+387 30 871 800<\/p>\n<\/div>\n<p><span class=\"contact__items-item-part-title\"><br \/>\nFAX<br \/>\n<\/span><\/p>\n<div class=\"contact__items-item-parts\">\n<p class=\"contact__items-item-parts-p\">+387 30 879 619<\/p>\n<\/div>\n<p><span class=\"contact__items-item-part-title\"><br \/>\nEMAIL<br \/>\n<\/span><\/p>\n<div class=\"contact__items-item-parts\">\n<p class=\"contact__items-item-parts-p\">email: <a class=\"parts-link\" href=\"mailto:marketing@sarajevski-kiseljak.com\">marketing@sarajevski-kiseljak.com<\/a><\/p>\n<\/div>\n<\/div>\n<\/div>\n<div class=\"contact__items-item col-12 col-md-6 col-lg-4\">\n<div class=\"contact__items-item-block\">\n<div class=\"contact__items-item-title\">\n<h3 class=\"contact__items-item-title-h3\"><span class=\"red\">Jana<\/span> Serbia<\/h3>\n<\/div>\n<p><span class=\"contact__items-item-part-title\">ADDRESS<\/span><\/p>\n<div class=\"contact__items-item-parts\">\n<p class=\"contact__items-item-parts-p\">Partizanske avijacije 28<\/p>\n<p class=\"contact__items-item-parts-p\">11 000 Beograd<\/p>\n<p class=\"contact__items-item-parts-p\">Serbia<\/p>\n<\/div>\n<p><span class=\"contact__items-item-part-title\"><br \/>\nPHONE<br \/>\n<\/span><\/p>\n<div class=\"contact__items-item-parts\">\n<p class=\"contact__items-item-parts-p\">+381 11 2608 198<\/p>\n<\/div>\n<p><span class=\"contact__items-item-part-title\"><br \/>\nFAX<br \/>\n<\/span><\/p>\n<div class=\"contact__items-item-parts\">\n<p class=\"contact__items-item-parts-p\">+381 11 2608 203<\/p>\n<\/div>\n<p><span class=\"contact__items-item-part-title\"><br \/>\nEMAIL<br \/>\n<\/span><\/p>\n<div class=\"contact__items-item-parts\">\n<p class=\"contact__items-item-parts-p\">email: <a class=\"parts-link\" href=\"mailto:marketing@mgmivela.rs\"><br \/>\nmarketing@mgmivela.rs<\/a><\/p>\n<\/div>\n<\/div>\n<\/div>\n<div class=\"contact__items-item col-12 col-md-6 col-lg-4\">\n<div class=\"contact__items-item-block\">\n<div class=\"contact__items-item-title\">\n<h3 class=\"contact__items-item-title-h3\"><span class=\"red\">Jana<\/span> Slovak Republic<\/h3>\n<\/div>\n<p><span class=\"contact__items-item-part-title\">ADDRESS<\/span><\/p>\n<div class=\"contact__items-item-parts\">\n<p class=\"contact__items-item-parts-p\">McCarter a.s.<\/p>\n<p class=\"contact__items-item-parts-p\">Bajkalsk\u00e1 25<\/p>\n<p class=\"contact__items-item-parts-p\">821 01 Bratislava, Slovak Republic<\/p>\n<\/div>\n<p><span class=\"contact__items-item-part-title\"><br \/>\nPHONE<br \/>\n<\/span><\/p>\n<div class=\"contact__items-item-parts\">\n<p class=\"contact__items-item-parts-p\">+421 2 58 23 33 79<\/p>\n<\/div>\n<p><span class=\"contact__items-item-part-title\"><br \/>\nFAX<br \/>\n<\/span><\/p>\n<div class=\"contact__items-item-parts\">\n<p class=\"contact__items-item-parts-p\">+421 2 58 23 33 80<\/p>\n<\/div>\n<p><span class=\"contact__items-item-part-title\"><br \/>\nEMAIL<br \/>\n<\/span><\/p>\n<div class=\"contact__items-item-parts\">\n<p class=\"contact__items-item-parts-p\">email: <a class=\"parts-link\" href=\"mailto:export@jamnica.hr\"><br \/>\nexport@jamnica.hr<\/a><\/p>\n<\/div>\n<\/div>\n<\/div>\n<div class=\"contact__items-item col-12 col-md-6 col-lg-4\">\n<div class=\"contact__items-item-block\">\n<div class=\"contact__items-item-title\">\n<h3 class=\"contact__items-item-title-h3\"><span class=\"red\">Jana<\/span> Slovenia<\/h3>\n<\/div>\n<p><span class=\"contact__items-item-part-title\">ADDRESS<\/span><\/p>\n<div class=\"contact__items-item-parts\">\n<p class=\"contact__items-item-parts-p\">Limbu\u0161ka cesta 2<\/p>\n<p class=\"contact__items-item-parts-p\">2341 Limbu\u0161<\/p>\n<p class=\"contact__items-item-parts-p\">Slovenia<\/p>\n<\/div>\n<p><span class=\"contact__items-item-part-title\"><br \/>\nPHONE<br \/>\n<\/span><\/p>\n<div class=\"contact__items-item-parts\">\n<p class=\"contact__items-item-parts-p\">+386 2 429 57 43<\/p>\n<\/div>\n<p><span class=\"contact__items-item-part-title\"><br \/>\nFAX<br \/>\n<\/span><\/p>\n<div class=\"contact__items-item-parts\">\n<p class=\"contact__items-item-parts-p\">+386 2 429 57 44<\/p>\n<\/div>\n<p><span class=\"contact__items-item-part-title\"><br \/>\nEMAIL<br \/>\n<\/span><\/p>\n<div class=\"contact__items-item-parts\">\n<p class=\"contact__items-item-parts-p\">email: <a class=\"parts-link\" href=\"mailto:export@jamnica.hr\"><br \/>\nexport@jamnica.hr<\/a><\/p>\n<\/div>\n<\/div>\n<\/div>\n<div class=\"contact__items-item col-12 col-md-6 col-lg-4\">\n<div class=\"contact__items-item-block\">\n<div class=\"contact__items-item-title\">\n<h3 class=\"contact__items-item-title-h3\"><span class=\"red\">Jana<\/span> Hungary<\/h3>\n<\/div>\n<p><span class=\"contact__items-item-part-title\">ADDRESS<\/span><\/p>\n<div class=\"contact__items-item-parts\">\n<p class=\"contact__items-item-parts-p\">Fony\u00f3di \u00c1sv\u00e1nyv\u00edz Kft.<\/p>\n<p class=\"contact__items-item-parts-p\">2040 Buda\u00f6rs<\/p>\n<p class=\"contact__items-item-parts-p\">Malomk\u0151 u. 7., Hungary<\/p>\n<\/div>\n<p><span class=\"contact__items-item-part-title\"><br \/>\nPHONE<br \/>\n<\/span><\/p>\n<div class=\"contact__items-item-parts\">\n<p class=\"contact__items-item-parts-p\">+36 23 500 577<\/p>\n<\/div>\n<p><span class=\"contact__items-item-part-title\"><br \/>\nFAX<br \/>\n<\/span><\/p>\n<div class=\"contact__items-item-parts\">\n<p class=\"contact__items-item-parts-p\">+36 23 430 740<\/p>\n<\/div>\n<p><span class=\"contact__items-item-part-title\"><br \/>\nEMAIL<br \/>\n<\/span><\/p>\n<div class=\"contact__items-item-parts\">\n<p class=\"contact__items-item-parts-p\">email: <a class=\"parts-link\" href=\"mailto:export@jamnica.hr\"><br \/>\nexport@jamnica.hr<\/a><\/p>\n<\/div>\n<\/div>\n<\/div>\n<\/div>\n<\/div>\n<\/div>\n<\/div>\n<\/section>\n","protected":false},"excerpt":{"rendered":"<p>&nbsp; Contact Jana Croatia ADDRESS Jamnica plus d.o.o. Getaldiceva 3 10 000 Zagreb, Croatia PHONE +3851 2393 111 FAX +3851 2371 044 EMAIL email: info@jamnica.hr Jana Macedonia ADDRESS Awt International Doo Bul. Kiro Gligorov 4 1000 Skopje, Macedonia PHONE +38902 2462 090 Jana Montenegro ADDRESS \u0160korpion d.o.o. Trebinjska bb 85347 Igalo-Herceg Novi PHONE +382 31335115&#8230;<\/p>\n","protected":false},"author":3,"featured_media":0,"parent":0,"menu_order":17,"comment_status":"closed","ping_status":"closed","template":"page.php","meta":{"_acf_changed":false,"footnotes":""},"class_list":["post-638","page","type-page","status-publish","hentry"],"acf":[],"_links":{"self":[{"href":"https:\/\/www.jana-water.com\/en\/wp-json\/wp\/v2\/pages\/638","targetHints":{"allow":["GET"]}}],"collection":[{"href":"https:\/\/www.jana-water.com\/en\/wp-json\/wp\/v2\/pages"}],"about":[{"href":"https:\/\/www.jana-water.com\/en\/wp-json\/wp\/v2\/types\/page"}],"author":[{"embeddable":true,"href":"https:\/\/www.jana-water.com\/en\/wp-json\/wp\/v2\/users\/3"}],"replies":[{"embeddable":true,"href":"https:\/\/www.jana-water.com\/en\/wp-json\/wp\/v2\/comments?post=638"}],"version-history":[{"count":20,"href":"https:\/\/www.jana-water.com\/en\/wp-json\/wp\/v2\/pages\/638\/revisions"}],"predecessor-version":[{"id":1546,"href":"https:\/\/www.jana-water.com\/en\/wp-json\/wp\/v2\/pages\/638\/revisions\/1546"}],"wp:attachment":[{"href":"https:\/\/www.jana-water.com\/en\/wp-json\/wp\/v2\/media?parent=638"}],"curies":[{"name":"wp","href":"https:\/\/api.w.org\/{rel}","templated":true}]}}